{"id":1452,"date":"2025-11-26T23:40:54","date_gmt":"2025-11-26T23:40:54","guid":{"rendered":"https:\/\/edifymexico.com\/sitio\/?page_id=1452"},"modified":"2025-11-29T06:01:41","modified_gmt":"2025-11-29T06:01:41","slug":"terminos-y-condiciones-de-uso","status":"publish","type":"page","link":"https:\/\/edifymexico.com\/sitio\/en\/terminos-y-condiciones-de-uso\/","title":{"rendered":"Terms and Conditions of Use"},"content":{"rendered":"<div data-elementor-type=\"wp-page\" data-elementor-id=\"1452\" class=\"elementor elementor-1452\" data-elementor-post-type=\"page\">\n\t\t\t\t<div class=\"elementor-element elementor-element-44375dd3 e-flex e-con-boxed e-con e-parent\" data-id=\"44375dd3\" data-element_type=\"container\" data-settings=\"{&quot;background_background&quot;:&quot;classic&quot;,&quot;shape_divider_bottom&quot;:&quot;curve&quot;,&quot;shape_divider_bottom_negative&quot;:&quot;yes&quot;}\">\n\t\t\t\t\t<div class=\"e-con-inner\">\n\t\t\t\t<div class=\"elementor-shape elementor-shape-bottom\" aria-hidden=\"true\" data-negative=\"true\">\n\t\t\t<svg xmlns=\"http:\/\/www.w3.org\/2000\/svg\" viewbox=\"0 0 1000 100\" preserveaspectratio=\"none\">\n\t<path class=\"elementor-shape-fill\" d=\"M500,97C126.7,96.3,0.8,19.8,0,0v100l1000,0V1C1000,19.4,873.3,97.8,500,97z\"\/>\n<\/svg>\t\t<\/div>\n\t\t<div class=\"elementor-element elementor-element-5ebd3ccf e-con-full e-flex e-con e-child\" data-id=\"5ebd3ccf\" data-element_type=\"container\">\n\t\t\t\t<div class=\"elementor-element elementor-element-19ca6e1e elementor-align-center animated-slow elementor-invisible elementor-widget elementor-widget-button\" data-id=\"19ca6e1e\" data-element_type=\"widget\" id=\"transparent\" data-settings=\"{&quot;_animation&quot;:&quot;fadeIn&quot;}\" data-widget_type=\"button.default\">\n\t\t\t\t<div class=\"elementor-widget-container\">\n\t\t\t\t\t\t\t\t\t<div class=\"elementor-button-wrapper\">\n\t\t\t\t\t<a class=\"elementor-button elementor-size-sm\" role=\"button\">\n\t\t\t\t\t\t<span class=\"elementor-button-content-wrapper\">\n\t\t\t\t\t\t\t\t\t<span class=\"elementor-button-text\">More than 15 years of excellence<\/span>\n\t\t\t\t\t<\/span>\n\t\t\t\t\t<\/a>\n\t\t\t\t<\/div>\n\t\t\t\t\t\t\t\t<\/div>\n\t\t\t\t<\/div>\n\t\t\t\t<\/div>\n\t\t\t\t\t<\/div>\n\t\t\t\t<\/div>\n\t\t<div class=\"elementor-element elementor-element-7fe271c e-con-full e-flex e-con e-parent\" data-id=\"7fe271c\" data-element_type=\"container\" data-settings=\"{&quot;background_background&quot;:&quot;classic&quot;}\">\n\t\t\t\t<div class=\"elementor-element elementor-element-74f1979 elementor-widget elementor-widget-text-editor\" data-id=\"74f1979\" data-element_type=\"widget\" data-widget_type=\"text-editor.default\">\n\t\t\t\t<div class=\"elementor-widget-container\">\n\t\t\t\t\t\t\t\t\t<h5><strong>1. Acceptance of the Terms<\/strong><\/h5><p>Access to and use of the website <a href=\"https:\/\/edifymexico.com\/sitio\/en\/\">www.edifymexico.com<\/a> (hereinafter, \u201cthe Site\u201d) implies full and unreserved acceptance of these Terms and Conditions.<br \/>\u00a0If you do not agree with any of them, you must refrain from using the Site and any of its services.<\/p><p>Edify Mexico may modify these Terms at any time. Modifications will be effective upon their publication on this page.<\/p><h5><strong>2. Use of the Website<\/strong><\/h5><p>The content of the Site is informative and its purpose is to present the services of Edify Mexico in the area of \u200b\u200bresidential, commercial, school and industrial construction.<\/p><p>The user agrees to use the Site correctly and lawfully. The following are strictly prohibited:<\/p><ul><li>Download, reproduce or distribute content without authorization.<br \/><br \/><\/li><li>Interfering with or damaging the functionality of the Site through malicious software, bots, automation, or any unauthorized mechanism.<br \/><br \/><\/li><li>Using information from the Site for fraudulent, deceptive, or bad faith purposes.<br \/><br \/><\/li><\/ul><p>Edify Mexico reserves the right to restrict or suspend access to users who violate these terms.<\/p><h5><strong>3. Intellectual Property<\/strong><\/h5><p>All content on the Site \u2014including text, images, logos, graphics, designs, photographs, manuals, iconography and structure\u2014 is protected by intellectual property rights.<\/p><p>This content belongs to Edify Mexico or is used with the permission of its owners. Its reproduction, modification, or distribution in whole or in part without written permission is strictly prohibited.<\/p><h5><strong>4. User Information<\/strong><\/h5><p>When the user provides information through the contact form, email or any other means of the Site, he declares that the data is correct, complete and up-to-date.<\/p><p>The information will be used only in accordance with the <strong>Privacy Notice<\/strong> included in this document.<\/p><h5><strong>5. Limitation of Liability<\/strong><\/h5><p>Edify Mexico is not responsible for:<\/p><ul><li>Technical errors, system failures or temporary interruptions of the Site.<br \/><br \/><\/li><li>Damages arising from the use or inability to use the Site.<br \/><br \/><\/li><li>Third-party content or links included on the Site.<br \/><br \/><\/li><li>Decisions or interpretations made by the user based on information from the Site.<br \/><br \/><\/li><\/ul><p>The user uses the Site at their own risk.<\/p><h5><strong>6. Links to Third-Party Sites<\/strong><\/h5><p>The Site may include links to external pages. Edify Mexico does not control and is not responsible for the content, policies, availability, or practices of those pages.<\/p><p>Access to external sites from the Site is the sole responsibility of the user.<\/p><h5><strong>7. Site Modifications<\/strong><\/h5><p>Edify Mexico may update, modify, or temporarily or permanently suspend any section of the Site without prior notice.<\/p><h5><strong>8. Contact<\/strong><\/h5><p>For clarifications related to these Terms, you can write to:<br \/>\u00a0\ud83d\udce7 <strong>contacto@edifymexico.com<\/strong><\/p>\t\t\t\t\t\t\t\t<\/div>\n\t\t\t\t<\/div>\n\t\t\t\t<\/div>\n\t\t\t\t<\/div>","protected":false},"excerpt":{"rendered":"<p>M\u00e1s de 15 a\u00f1os de excelencia 1. Aceptaci\u00f3n de los T\u00e9rminos El acceso y uso del sitio web www.edifymexico.com (en [&hellip;]<\/p>","protected":false},"author":1,"featured_media":0,"parent":0,"menu_order":0,"comment_status":"closed","ping_status":"closed","template":"","meta":{"site-sidebar-layout":"no-sidebar","site-content-layout":"","ast-site-content-layout":"full-width-container","site-content-style":"unboxed","site-sidebar-style":"unboxed","ast-global-header-display":"","ast-banner-title-visibility":"","ast-main-header-display":"","ast-hfb-above-header-display":"","ast-hfb-below-header-display":"","ast-hfb-mobile-header-display":"","site-post-title":"disabled","ast-breadcrumbs-content":"","ast-featured-img":"disabled","footer-sml-layout":"","theme-transparent-header-meta":"enabled","adv-header-id-meta":"","stick-header-meta":"","header-above-stick-meta":"","header-main-stick-meta":"","header-below-stick-meta":"","astra-migrate-meta-layouts":"default","ast-page-background-enabled":"default","ast-page-background-meta":{"desktop":{"background-color":"var(--ast-global-color-5)","background-image":"","background-repeat":"repeat","background-position":"center center","background-size":"auto","background-attachment":"scroll","background-type":"","background-media":"","overlay-type":"","overlay-color":"","overlay-opacity":"","overlay-gradient":""},"tablet":{"background-color":"","background-image":"","background-repeat":"repeat","background-position":"center center","background-size":"auto","background-attachment":"scroll","background-type":"","background-media":"","overlay-type":"","overlay-color":"","overlay-opacity":"","overlay-gradient":""},"mobile":{"background-color":"","background-image":"","background-repeat":"repeat","background-position":"center center","background-size":"auto","background-attachment":"scroll","background-type":"","background-media":"","overlay-type":"","overlay-color":"","overlay-opacity":"","overlay-gradient":""}},"ast-content-background-meta":{"desktop":{"background-color":"var(--ast-global-color-4)","background-image":"","background-repeat":"repeat","background-position":"center center","background-size":"auto","background-attachment":"scroll","background-type":"","background-media":"","overlay-type":"","overlay-color":"","overlay-opacity":"","overlay-gradient":""},"tablet":{"background-color":"var(--ast-global-color-4)","background-image":"","background-repeat":"repeat","background-position":"center center","background-size":"auto","background-attachment":"scroll","background-type":"","background-media":"","overlay-type":"","overlay-color":"","overlay-opacity":"","overlay-gradient":""},"mobile":{"background-color":"var(--ast-global-color-4)","background-image":"","background-repeat":"repeat","background-position":"center center","background-size":"auto","background-attachment":"scroll","background-type":"","background-media":"","overlay-type":"","overlay-color":"","overlay-opacity":"","overlay-gradient":""}},"footnotes":""},"class_list":["post-1452","page","type-page","status-publish","hentry"],"_links":{"self":[{"href":"https:\/\/edifymexico.com\/sitio\/en\/wp-json\/wp\/v2\/pages\/1452","targetHints":{"allow":["GET"]}}],"collection":[{"href":"https:\/\/edifymexico.com\/sitio\/en\/wp-json\/wp\/v2\/pages"}],"about":[{"href":"https:\/\/edifymexico.com\/sitio\/en\/wp-json\/wp\/v2\/types\/page"}],"author":[{"embeddable":true,"href":"https:\/\/edifymexico.com\/sitio\/en\/wp-json\/wp\/v2\/users\/1"}],"replies":[{"embeddable":true,"href":"https:\/\/edifymexico.com\/sitio\/en\/wp-json\/wp\/v2\/comments?post=1452"}],"version-history":[{"count":7,"href":"https:\/\/edifymexico.com\/sitio\/en\/wp-json\/wp\/v2\/pages\/1452\/revisions"}],"predecessor-version":[{"id":1568,"href":"https:\/\/edifymexico.com\/sitio\/en\/wp-json\/wp\/v2\/pages\/1452\/revisions\/1568"}],"wp:attachment":[{"href":"https:\/\/edifymexico.com\/sitio\/en\/wp-json\/wp\/v2\/media?parent=1452"}],"curies":[{"name":"wp","href":"https:\/\/api.w.org\/{rel}","templated":true}]}}